{"id":123,"date":"2025-10-20T02:26:45","date_gmt":"2025-10-20T02:26:45","guid":{"rendered":"https:\/\/motorprev.com.br\/services\/"},"modified":"2025-10-20T02:28:29","modified_gmt":"2025-10-20T02:28:29","slug":"services","status":"publish","type":"page","link":"https:\/\/motorprev.com.br\/?page_id=123","title":{"rendered":"Services"},"content":{"rendered":"\n<div class=\"wp-block-uagb-container uagb-block-6e6795cc alignfull uagb-is-root-container\"><div class=\"uagb-container-inner-blocks-wrap\">\n<div class=\"wp-block-uagb-info-box uagb-block-2b3d8aef uagb-infobox__content-wrap  uagb-infobox-icon-above-title uagb-infobox-image-valign-top\"><div class=\"uagb-ifb-content\"><div class=\"uagb-ifb-title-wrap\"><span class=\"uagb-ifb-title-prefix\">Servi\u00e7os especializados para caminhoneiros<\/span><h1 class=\"uagb-ifb-title\">Descomplicamos sua aposentadoria<\/h1><\/div><\/div><\/div>\n<\/div><\/div>\n\n\n\n<div class=\"wp-block-uagb-container uagb-block-c4e157a0 alignfull uagb-is-root-container\"><div class=\"uagb-container-inner-blocks-wrap\">\n<div class=\"wp-block-uagb-container uagb-block-7b2ae4e0 alignfull uagb-is-root-container\"><div class=\"uagb-container-inner-blocks-wrap\">\n<div class=\"wp-block-uagb-container uagb-block-9c729b6d\">\n<div class=\"wp-block-uagb-info-box uagb-block-965a49b3 uagb-infobox__content-wrap  uagb-infobox-icon-above-title uagb-infobox-image-valign-top wp-block-uagb-info-box--has-margin\"><div class=\"uagb-infobox-margin-wrapper\"><div class=\"uagb-ifb-content\"><div class=\"uagb-ifb-title-wrap\"><span class=\"uagb-ifb-title-prefix\">01<\/span><h2 class=\"uagb-ifb-title\">Monitoramento de Contribui\u00e7\u00f5es<\/h2><\/div><p class=\"uagb-ifb-desc\">Oferecemos um servi\u00e7o de monitoramento cont\u00ednuo das suas contribui\u00e7\u00f5es ao INSS, garantindo que voc\u00ea esteja sempre em dia. Nossa plataforma online permite acesso f\u00e1cil e r\u00e1pido \u00e0s informa\u00e7\u00f5es.<\/p><\/div><\/div><\/div>\n<\/div>\n\n\n\n<div class=\"wp-block-uagb-container uagb-block-2b36acf2\">\n<div class=\"wp-block-uagb-image alignleft uagb-block-e782fd24 wp-block-uagb-image--layout-default wp-block-uagb-image--effect-static wp-block-uagb-image--align-left\"><figure class=\"wp-block-uagb-image__figure\"><img decoding=\"async\" srcset=\"\/wp-content\/uploads\/2025\/10\/pexels-photo-6869061.jpeg ,\/wp-content\/uploads\/2025\/10\/pexels-photo-6869061.jpeg 780w, \/wp-content\/uploads\/2025\/10\/pexels-photo-6869061.jpeg 360w\" sizes=\"auto, (max-width: 480px) 150px\" src=\"\/wp-content\/uploads\/2025\/10\/pexels-photo-6869061.jpeg\" alt=\"Happy delivery driver in red shirt smiling out van window, creating a positive delivery service vibe.\" class=\"uag-image-98\" width=\"550\" height=\"564\" title=\"\" loading=\"lazy\" role=\"img\"\/><\/figure><\/div>\n\n\n\n<div class=\"wp-block-uagb-image aligncenter uagb-block-6e8fa1d9 wp-block-uagb-image--layout-default wp-block-uagb-image--effect-static wp-block-uagb-image--align-center uag-blocks-common-selector\" style=\"--z-index-desktop:1;;--z-index-tablet:undefined;;--z-index-mobile:undefined;\"><figure class=\"wp-block-uagb-image__figure\"><img decoding=\"async\" srcset=\"\/wp-content\/uploads\/2025\/10\/pexels-photo-10963705.jpeg ,\/wp-content\/uploads\/2025\/10\/pexels-photo-10963705.jpeg 780w, \/wp-content\/uploads\/2025\/10\/pexels-photo-10963705.jpeg 360w\" sizes=\"auto, (max-width: 480px) 150px\" src=\"\/wp-content\/uploads\/2025\/10\/pexels-photo-10963705.jpeg\" alt=\"Dynamic panning shot capturing a blue truck in motion on a highway in daylight.\" class=\"uag-image-99\" width=\"252\" height=\"252\" title=\"\" loading=\"lazy\" role=\"img\"\/><\/figure><\/div>\n<\/div>\n<\/div><\/div>\n\n\n\n<div class=\"wp-block-uagb-container uagb-block-bc484325\">\n<div class=\"wp-block-uagb-container uagb-block-12ad88c7\">\n<div class=\"wp-block-uagb-info-box uagb-block-770ab822 uagb-infobox__content-wrap  uagb-infobox-icon-above-title uagb-infobox-image-valign-top wp-block-uagb-info-box--has-margin\"><div class=\"uagb-infobox-margin-wrapper\"><div class=\"uagb-ifb-content\"><div class=\"uagb-ifb-title-wrap\"><span class=\"uagb-ifb-title-prefix\">02<\/span><h2 class=\"uagb-ifb-title\">Assessoria para Benef\u00edcios<\/h2><\/div><p class=\"uagb-ifb-desc\">Nossos profissionais est\u00e3o prontos para fornecer assessoria completa sobre todos os benef\u00edcios do INSS, ajudando voc\u00ea a entender seus direitos e a se preparar para a aposentadoria.<\/p><\/div><\/div><\/div>\n<\/div>\n\n\n\n<div class=\"wp-block-uagb-container uagb-block-4b07f275\">\n<div class=\"wp-block-uagb-image alignleft uagb-block-4af530da wp-block-uagb-image--layout-default wp-block-uagb-image--effect-static wp-block-uagb-image--align-left\"><figure class=\"wp-block-uagb-image__figure\"><img decoding=\"async\" srcset=\"\/wp-content\/uploads\/2025\/10\/pexels-photo-17626741.jpeg ,\/wp-content\/uploads\/2025\/10\/pexels-photo-17626741.jpeg 780w, \/wp-content\/uploads\/2025\/10\/pexels-photo-17626741.jpeg 360w\" sizes=\"auto, (max-width: 480px) 150px\" src=\"\/wp-content\/uploads\/2025\/10\/pexels-photo-17626741.jpeg\" alt=\"Driver in an urban truck, servicing streets in Valencia.\" class=\"uag-image-100\" width=\"550\" height=\"564\" title=\"\" loading=\"lazy\" role=\"img\"\/><\/figure><\/div>\n\n\n\n<div class=\"wp-block-uagb-image aligncenter uagb-block-eae71b2d wp-block-uagb-image--layout-default wp-block-uagb-image--effect-static wp-block-uagb-image--align-center uag-blocks-common-selector\" style=\"--z-index-desktop:1;;--z-index-tablet:undefined;;--z-index-mobile:undefined;\"><figure class=\"wp-block-uagb-image__figure\"><img decoding=\"async\" srcset=\"\/wp-content\/uploads\/2025\/10\/pexels-photo-22708123.jpeg ,\/wp-content\/uploads\/2025\/10\/pexels-photo-22708123.jpeg 780w, \/wp-content\/uploads\/2025\/10\/pexels-photo-22708123.jpeg 360w\" sizes=\"auto, (max-width: 480px) 150px\" src=\"\/wp-content\/uploads\/2025\/10\/pexels-photo-22708123.jpeg\" alt=\"Elderly man driving a truck during sunset in black and white, capturing the essence of journey and experience.\" class=\"uag-image-101\" width=\"252\" height=\"252\" title=\"\" loading=\"lazy\" role=\"img\"\/><\/figure><\/div>\n<\/div>\n<\/div>\n\n\n\n<div class=\"wp-block-uagb-container uagb-block-6c611b76\">\n<div class=\"wp-block-uagb-container uagb-block-e43c2d95\">\n<div class=\"wp-block-uagb-image alignleft uagb-block-96a3740a wp-block-uagb-image--layout-default wp-block-uagb-image--effect-static wp-block-uagb-image--align-left\"><figure class=\"wp-block-uagb-image__figure\"><img decoding=\"async\" srcset=\"\/wp-content\/uploads\/2025\/10\/pexels-photo-33746504.jpeg ,\/wp-content\/uploads\/2025\/10\/pexels-photo-33746504.jpeg 780w, \/wp-content\/uploads\/2025\/10\/pexels-photo-33746504.jpeg 360w\" sizes=\"auto, (max-width: 480px) 150px\" src=\"\/wp-content\/uploads\/2025\/10\/pexels-photo-33746504.jpeg\" alt=\"A smiling young man in casual clothing sits in a green truck in Kaduna, Nigeria.\" class=\"uag-image-102\" width=\"550\" height=\"564\" title=\"\" loading=\"lazy\" role=\"img\"\/><\/figure><\/div>\n\n\n\n<div class=\"wp-block-uagb-image aligncenter uagb-block-8eb3655f wp-block-uagb-image--layout-default wp-block-uagb-image--effect-static wp-block-uagb-image--align-center uag-blocks-common-selector\" style=\"--z-index-desktop:1;;--z-index-tablet:undefined;;--z-index-mobile:undefined;\"><figure class=\"wp-block-uagb-image__figure\"><img decoding=\"async\" srcset=\"\/wp-content\/uploads\/2025\/10\/pexels-photo-7539631.jpeg ,\/wp-content\/uploads\/2025\/10\/pexels-photo-7539631.jpeg 780w, \/wp-content\/uploads\/2025\/10\/pexels-photo-7539631.jpeg 360w\" sizes=\"auto, (max-width: 480px) 150px\" src=\"\/wp-content\/uploads\/2025\/10\/pexels-photo-7539631.jpeg\" alt=\"A father and son stand together in front of a large green truck in an industrial setting.\" class=\"uag-image-103\" width=\"252\" height=\"252\" title=\"\" loading=\"lazy\" role=\"img\"\/><\/figure><\/div>\n<\/div>\n\n\n\n<div class=\"wp-block-uagb-container uagb-block-de869aca\">\n<div class=\"wp-block-uagb-info-box uagb-block-173895a0 uagb-infobox__content-wrap  uagb-infobox-icon-above-title uagb-infobox-image-valign-top wp-block-uagb-info-box--has-margin\"><div class=\"uagb-infobox-margin-wrapper\"><div class=\"uagb-ifb-content\"><div class=\"uagb-ifb-title-wrap\"><span class=\"uagb-ifb-title-prefix\">03<\/span><h2 class=\"uagb-ifb-title\">Acesso Online R\u00e1pido<\/h2><\/div><p class=\"uagb-ifb-desc\">Disponibilizamos uma plataforma online de f\u00e1cil navega\u00e7\u00e3o, que permite que voc\u00ea acesse e gerencie suas informa\u00e7\u00f5es previdenci\u00e1rias a qualquer momento, de maneira r\u00e1pida e pr\u00e1tica.<\/p><\/div><\/div><\/div>\n<\/div>\n<\/div>\n\n\n\n<div class=\"wp-block-uagb-container uagb-block-65240cb9\">\n<div class=\"wp-block-uagb-container uagb-block-ca86322d\">\n<div class=\"wp-block-uagb-info-box uagb-block-360c83f5 uagb-infobox__content-wrap  uagb-infobox-icon-above-title uagb-infobox-image-valign-top wp-block-uagb-info-box--has-margin\"><div class=\"uagb-infobox-margin-wrapper\"><div class=\"uagb-ifb-content\"><div class=\"uagb-ifb-title-wrap\"><span class=\"uagb-ifb-title-prefix\">04<\/span><h2 class=\"uagb-ifb-title\">Suporte Especializado<\/h2><\/div><p class=\"uagb-ifb-desc\">Na Motorprevi, oferecemos suporte cont\u00ednuo para todos os nossos clientes. Nossa equipe est\u00e1 dispon\u00edvel para esclarecer d\u00favidas e garantir que voc\u00ea tenha o melhor atendimento poss\u00edvel.<\/p><\/div><\/div><\/div>\n<\/div>\n\n\n\n<div class=\"wp-block-uagb-container uagb-block-a42989c3\">\n<div class=\"wp-block-uagb-image alignleft uagb-block-2a6bfcea wp-block-uagb-image--layout-default wp-block-uagb-image--effect-static wp-block-uagb-image--align-left\"><figure class=\"wp-block-uagb-image__figure\"><img decoding=\"async\" srcset=\"\/wp-content\/uploads\/2025\/10\/pexels-photo-7541979.jpeg ,\/wp-content\/uploads\/2025\/10\/pexels-photo-7541979.jpeg 780w, \/wp-content\/uploads\/2025\/10\/pexels-photo-7541979.jpeg 360w\" sizes=\"auto, (max-width: 480px) 150px\" src=\"\/wp-content\/uploads\/2025\/10\/pexels-photo-7541979.jpeg\" alt=\"A driver holds a yellow toy truck in a dimly lit vehicle interior, emphasizing the playful juxtaposition.\" class=\"uag-image-96\" width=\"550\" height=\"564\" title=\"\" loading=\"lazy\" role=\"img\"\/><\/figure><\/div>\n\n\n\n<div class=\"wp-block-uagb-image aligncenter uagb-block-70440c99 wp-block-uagb-image--layout-default wp-block-uagb-image--effect-static wp-block-uagb-image--align-center uag-blocks-common-selector\" style=\"--z-index-desktop:1;;--z-index-tablet:undefined;;--z-index-mobile:undefined;\"><figure class=\"wp-block-uagb-image__figure\"><img decoding=\"async\" srcset=\"\/wp-content\/uploads\/2025\/10\/pexels-photo-7541985.jpeg ,\/wp-content\/uploads\/2025\/10\/pexels-photo-7541985.jpeg 780w, \/wp-content\/uploads\/2025\/10\/pexels-photo-7541985.jpeg 360w\" sizes=\"auto, (max-width: 480px) 150px\" src=\"\/wp-content\/uploads\/2025\/10\/pexels-photo-7541985.jpeg\" alt=\"Hands with a ring on a steering wheel, suggesting companionship or teamwork.\" class=\"uag-image-97\" width=\"252\" height=\"252\" title=\"\" loading=\"lazy\" role=\"img\"\/><\/figure><\/div>\n<\/div>\n<\/div>\n<\/div><\/div>\n\n\n\n<div class=\"wp-block-uagb-container uagb-block-01233b1d alignfull uagb-is-root-container\"><div class=\"uagb-container-inner-blocks-wrap\">\n<div class=\"wp-block-uagb-info-box uagb-block-d6296cb9 uagb-infobox__content-wrap  uagb-infobox-icon-above-title uagb-infobox-image-valign-top\"><div class=\"uagb-ifb-content\"><div class=\"uagb-ifb-title-wrap\"><span class=\"uagb-ifb-title-prefix\">Pronto para come\u00e7ar?<\/span><h2 class=\"uagb-ifb-title\">Entre em contato e facilite sua aposentadoria hoje mesmo!<\/h2><\/div><\/div><\/div>\n\n\n\n<div class=\"wp-block-uagb-buttons uagb-buttons__outer-wrap uagb-btn__default-btn uagb-btn-tablet__default-btn uagb-btn-mobile__default-btn uagb-block-0e23ee78\"><div class=\"uagb-buttons__wrap uagb-buttons-layout-wrap \">\n<div class=\"wp-block-uagb-buttons-child uagb-buttons__outer-wrap uagb-block-6cb20356 wp-block-button\"><div class=\"uagb-button__wrapper\"><a class=\"uagb-buttons-repeater ast-outline-button\" aria-label=\"\" style=\"border-width:revert-layer\" href=\"\/contact\/\" rel=\"follow noopener\" target=\"_self\"><div class=\"uagb-button__link\">Saiba Mais<\/div><\/a><\/div><\/div>\n<\/div><\/div>\n<\/div><\/div>\n","protected":false},"excerpt":{"rendered":"","protected":false},"author":1,"featured_media":0,"parent":0,"menu_order":0,"comment_status":"closed","ping_status":"closed","template":"","meta":{"_uag_custom_page_level_css":"","site-sidebar-layout":"no-sidebar","site-content-layout":"","ast-site-content-layout":"normal-width-container","site-content-style":"default","site-sidebar-style":"default","ast-global-header-display":"","ast-banner-title-visibility":"","ast-main-header-display":"","ast-hfb-above-header-display":"","ast-hfb-below-header-display":"","ast-hfb-mobile-header-display":"","site-post-title":"disabled","ast-breadcrumbs-content":"","ast-featured-img":"","footer-sml-layout":"","theme-transparent-header-meta":"enabled","adv-header-id-meta":"","stick-header-meta":"","header-above-stick-meta":"","header-main-stick-meta":"","header-below-stick-meta":"","astra-migrate-meta-layouts":"default","ast-page-background-enabled":"default","ast-page-background-meta":{"desktop":{"background-color":"var(--ast-global-color-4)","background-image":"","background-repeat":"repeat","background-position":"center center","background-size":"auto","background-attachment":"scroll","background-type":"","background-media":"","overlay-type":"","overlay-color":"","overlay-opacity":"","overlay-gradient":""},"tablet":{"background-color":"","background-image":"","background-repeat":"repeat","background-position":"center center","background-size":"auto","background-attachment":"scroll","background-type":"","background-media":"","overlay-type":"","overlay-color":"","overlay-opacity":"","overlay-gradient":""},"mobile":{"background-color":"","background-image":"","background-repeat":"repeat","background-position":"center center","background-size":"auto","background-attachment":"scroll","background-type":"","background-media":"","overlay-type":"","overlay-color":"","overlay-opacity":"","overlay-gradient":""}},"ast-content-background-meta":{"desktop":{"background-color":"var(--ast-global-color-5)","background-image":"","background-repeat":"repeat","background-position":"center center","background-size":"auto","background-attachment":"scroll","background-type":"","background-media":"","overlay-type":"","overlay-color":"","overlay-opacity":"","overlay-gradient":""},"tablet":{"background-color":"var(--ast-global-color-5)","background-image":"","background-repeat":"repeat","background-position":"center center","background-size":"auto","background-attachment":"scroll","background-type":"","background-media":"","overlay-type":"","overlay-color":"","overlay-opacity":"","overlay-gradient":""},"mobile":{"background-color":"var(--ast-global-color-5)","background-image":"","background-repeat":"repeat","background-position":"center center","background-size":"auto","background-attachment":"scroll","background-type":"","background-media":"","overlay-type":"","overlay-color":"","overlay-opacity":"","overlay-gradient":""}},"footnotes":""},"class_list":["post-123","page","type-page","status-publish","hentry"],"uagb_featured_image_src":{"full":false,"thumbnail":false,"medium":false,"medium_large":false,"large":false,"1536x1536":false,"2048x2048":false},"uagb_author_info":{"display_name":"caio.feliz@exoit.com.br","author_link":"https:\/\/motorprev.com.br\/?author=1"},"uagb_comment_info":0,"uagb_excerpt":null,"_links":{"self":[{"href":"https:\/\/motorprev.com.br\/index.php?rest_route=\/wp\/v2\/pages\/123","targetHints":{"allow":["GET"]}}],"collection":[{"href":"https:\/\/motorprev.com.br\/index.php?rest_route=\/wp\/v2\/pages"}],"about":[{"href":"https:\/\/motorprev.com.br\/index.php?rest_route=\/wp\/v2\/types\/page"}],"author":[{"embeddable":true,"href":"https:\/\/motorprev.com.br\/index.php?rest_route=\/wp\/v2\/users\/1"}],"replies":[{"embeddable":true,"href":"https:\/\/motorprev.com.br\/index.php?rest_route=%2Fwp%2Fv2%2Fcomments&post=123"}],"version-history":[{"count":3,"href":"https:\/\/motorprev.com.br\/index.php?rest_route=\/wp\/v2\/pages\/123\/revisions"}],"predecessor-version":[{"id":2162,"href":"https:\/\/motorprev.com.br\/index.php?rest_route=\/wp\/v2\/pages\/123\/revisions\/2162"}],"wp:attachment":[{"href":"https:\/\/motorprev.com.br\/index.php?rest_route=%2Fwp%2Fv2%2Fmedia&parent=123"}],"curies":[{"name":"wp","href":"https:\/\/api.w.org\/{rel}","templated":true}]}}